{"id":2731,"date":"2018-07-28T16:07:51","date_gmt":"2018-07-28T09:07:51","guid":{"rendered":"https:\/\/vogia.vn\/lien-he\/"},"modified":"2026-01-29T14:38:14","modified_gmt":"2026-01-29T07:38:14","slug":"lien-he","status":"publish","type":"page","link":"https:\/\/vogia.vn\/en\/contact-us\/","title":{"rendered":"Contact Us"},"content":{"rendered":"\t\t<div data-elementor-type=\"wp-post\" data-elementor-id=\"2731\" class=\"elementor elementor-2731 elementor-350\">\n\t\t\t\t\t\t<section class=\"elementor-section elementor-top-section elementor-element elementor-element-6a7b42c elementor-section-boxed elementor-section-height-default elementor-section-height-default\" data-id=\"6a7b42c\" data-element_type=\"section\">\n\t\t\t\t\t\t<div class=\"elementor-container elementor-column-gap-default\">\n\t\t\t\t\t<div class=\"elementor-column elementor-col-50 elementor-top-column elementor-element elementor-element-074d434 elementor-invisible\" data-id=\"074d434\" data-element_type=\"column\" data-settings=\"{&quot;animation&quot;:&quot;fadeIn&quot;}\">\n\t\t\t<div class=\"elementor-widget-wrap elementor-element-populated\">\n\t\t\t\t\t\t<div class=\"elementor-element elementor-element-56bd6cc elementor-widget elementor-widget-heading\" data-id=\"56bd6cc\" data-element_type=\"widget\" data-widget_type=\"heading.default\">\n\t\t\t\t<div class=\"elementor-widget-container\">\n\t\t\t<h2 class=\"elementor-heading-title elementor-size-default elementor-heading-title elementor-align-after-mobile-center\">Vo Gia Materials &amp; Equipment Joint Stock Company<\/h2>\t\t<\/div>\n\t\t\t\t<\/div>\n\t\t\t\t<div class=\"elementor-element elementor-element-ed33b6e elementor-widget elementor-widget-heading\" data-id=\"ed33b6e\" data-element_type=\"widget\" data-widget_type=\"heading.default\">\n\t\t\t\t<div class=\"elementor-widget-container\">\n\t\t\t<span class=\"elementor-heading-title elementor-size-default elementor-heading-title\"><a href=\"https:\/\/maps.app.goo.gl\/rsV5YEZiWaHYh9Tq9\" target=\"_blank _blank\" rel=\"noopener\"><i class=\"ti-location-pin\"><\/i><span><b>Head Office:<\/b><br>\n55\/6\/1A Thanh Loc 50 Street, Quarter 65, An Phu Dong Ward, Ho Chi Minh City<\/span><\/a><\/span>\t\t<\/div>\n\t\t\t\t<\/div>\n\t\t\t\t<div class=\"elementor-element elementor-element-a973571 elementor-widget elementor-widget-heading\" data-id=\"a973571\" data-element_type=\"widget\" data-widget_type=\"heading.default\">\n\t\t\t\t<div class=\"elementor-widget-container\">\n\t\t\t<span class=\"elementor-heading-title elementor-size-default elementor-heading-title\"><a href=\"https:\/\/maps.app.goo.gl\/rKPS7GjUrkjFt9cg7\" target=\"_blank _blank\" rel=\"noopener\"><i class=\"ti-location-pin\"><\/i><span><b>Representative Office:<\/b><br>\n6B3 Ha Huy Giap Street, Nam Long Area, An Phu Dong Ward, Ho Chi Minh City<\/span><\/a><\/span>\t\t<\/div>\n\t\t\t\t<\/div>\n\t\t\t\t<div class=\"elementor-element elementor-element-d9438f0 elementor-widget elementor-widget-heading\" data-id=\"d9438f0\" data-element_type=\"widget\" data-widget_type=\"heading.default\">\n\t\t\t\t<div class=\"elementor-widget-container\">\n\t\t\t<span class=\"elementor-heading-title elementor-size-default elementor-heading-title\"><a href=\"mailto:info@vogia.vn\"><i class=\"ti-email\"><\/i><span><b>Email:<\/b><br>\ninfo@vogia.vn<\/span><\/a><\/span>\t\t<\/div>\n\t\t\t\t<\/div>\n\t\t<div class=\"elementor-element elementor-element-dc3d25a e-grid e-con-boxed e-con e-parent\" data-id=\"dc3d25a\" data-element_type=\"container\">\n\t\t\t\t\t<div class=\"e-con-inner\">\n\t\t\t\t<div class=\"elementor-element elementor-element-cb9b7c7 elementor-widget elementor-widget-heading\" data-id=\"cb9b7c7\" data-element_type=\"widget\" data-widget_type=\"heading.default\">\n\t\t\t\t<div class=\"elementor-widget-container\">\n\t\t\t<span class=\"elementor-heading-title elementor-size-default elementor-heading-title\"><i class=\"ti-ticket\"><\/i><span><b>Tax Code:<\/b><br>\n0316159935<\/span><\/span>\t\t<\/div>\n\t\t\t\t<\/div>\n\t\t\t\t<div class=\"elementor-element elementor-element-97279f0 elementor-widget elementor-widget-heading\" data-id=\"97279f0\" data-element_type=\"widget\" data-widget_type=\"heading.default\">\n\t\t\t\t<div class=\"elementor-widget-container\">\n\t\t\t<span class=\"elementor-heading-title elementor-size-default elementor-heading-title\"><a href=\"tel:0979456182\"><i class=\"ti-mobile\"><\/i><span><b>Phone Number:<\/b><br>\n0979.456.182 \u2013 Mr. Chau<\/span><\/a><\/span>\t\t<\/div>\n\t\t\t\t<\/div>\n\t\t\t\t<div class=\"elementor-element elementor-element-98a7518 elementor-widget elementor-widget-heading\" data-id=\"98a7518\" data-element_type=\"widget\" data-widget_type=\"heading.default\">\n\t\t\t\t<div class=\"elementor-widget-container\">\n\t\t\t<span class=\"elementor-heading-title elementor-size-default elementor-heading-title\"><a href=\"tel:0909245419\"><i class=\"ti-mobile\"><\/i><span><b>Phone Number:<\/b><br>\n0909.245.419 \u2013 Mr. Quan<\/span><\/a><\/span>\t\t<\/div>\n\t\t\t\t<\/div>\n\t\t\t\t<div class=\"elementor-element elementor-element-9402693 elementor-widget elementor-widget-heading\" data-id=\"9402693\" data-element_type=\"widget\" data-widget_type=\"heading.default\">\n\t\t\t\t<div class=\"elementor-widget-container\">\n\t\t\t<span class=\"elementor-heading-title elementor-size-default elementor-heading-title\"><a href=\"tel:0975002996\"><i class=\"ti-mobile\"><\/i><span><b>Phone Number:<\/b><br>\n0975.002.996 \u2013 Mr. Hoang<\/span><\/a><\/span>\t\t<\/div>\n\t\t\t\t<\/div>\n\t\t\t\t\t<\/div>\n\t\t\t\t<\/div>\n\t\t\t\t\t<\/div>\n\t\t<\/div>\n\t\t\t\t<div class=\"elementor-column elementor-col-50 elementor-top-column elementor-element elementor-element-7bcf002 elementor-invisible\" data-id=\"7bcf002\" data-element_type=\"column\" data-settings=\"{&quot;animation&quot;:&quot;fadeIn&quot;,&quot;animation_delay&quot;:200}\">\n\t\t\t<div class=\"elementor-widget-wrap elementor-element-populated\">\n\t\t\t\t\t\t<div class=\"elementor-element elementor-element-80e5046 elementor-hidden-desktop elementor-hidden-tablet elementor-hidden-mobile elementor-widget elementor-widget-sm-offices\" data-id=\"80e5046\" data-element_type=\"widget\" data-widget_type=\"sm-offices.default\">\n\t\t\t\t<div class=\"elementor-widget-container\">\n\t\t\t\t\n\t\t\n\t\t<div class=\"man_map man_image_bck\">\n\t\t\t\t<div class=\"man_map_pins\">\n\t\t\t\t\t\t\t\t\t\t<div class=\"man_map_pin_wrapper\">\n\t\t\t\t\t\t\t<div class=\"man_map_pin_cont_mobile man_map_pin_cont_mobile-a181326\"><i class=\"man_map_pin_cont_mobile_close ti ti-close\"><\/i><b>Office 1<\/b><p>55\/6\/1A \u0110\u01b0\u1eddng Th\u1ea1nh L\u1ed9c 50, Khu Ph\u1ed1 65, Ph\u01b0\u1eddng An Ph\u00fa \u0110\u00f4ng, Th\u00e0nh Ph\u1ed1 H\u1ed3 Ch\u00ed Minh<\/p><\/div>\t\n\t\t\t\t\t\t\t<div class=\"man_map_pin elementor-repeater-item-a181326\" data-id=\"a181326\" data-top=\"53\" data-left=\"32\" data-top-mobile=\"28\" data-left-mobile=\"18\" data-top-tablet=\"21\" data-left-tablet=\"16\">\n\t\t\t\t\t\t\t\t\n\t\t\t\t\t\t\t\t<svg aria-hidden=\"true\" data-prefix=\"fas\" data-icon=\"map-marker-alt\" role=\"img\" xmlns=\"http:\/\/www.w3.org\/2000\/svg\" viewBox=\"0 0 414 542\" class=\"svg-inline--fa fa-map-marker-alt fa-w-12 fa-2x\"><path fill=\"currentColor\" d=\"M172.268 501.67C26.97 291.031 0 269.413 0 192 0 85.961 85.961 0 192 0s192 85.961 192 192c0 77.413-26.97 99.031-172.268 309.67-9.535 13.774-29.93 13.773-39.464 0zM192 272c44.183 0 80-35.817 80-80s-35.817-80-80-80-80 35.817-80 80 35.817 80 80 80z\" class=\"\"><\/path><\/svg>\n\n\n\t\t\t\t\t\t\t\t<div class=\"man_map_pin_cont\">\n\t\t\t\t\t\t\t\t\t<b>Office 1<\/b>\n\t\t\t\t\t\t\t\t\t<p>55\/6\/1A \u0110\u01b0\u1eddng Th\u1ea1nh L\u1ed9c 50, Khu Ph\u1ed1 65, Ph\u01b0\u1eddng An Ph\u00fa \u0110\u00f4ng, Th\u00e0nh Ph\u1ed1 H\u1ed3 Ch\u00ed Minh<\/p>\t\t\t\t\t\t\t\t<\/div>\n\t\t\t\t\t\t\t<\/div>\n\t\t\t\t\t<\/div>\n\t\t\t\t\t\t\t\t\t\t<div class=\"man_map_pin_wrapper\">\n\t\t\t\t\t\t\t<div class=\"man_map_pin_cont_mobile man_map_pin_cont_mobile-0a8c7a0\"><i class=\"man_map_pin_cont_mobile_close ti ti-close\"><\/i><b>Office 2<\/b><p>6B3 \u0110\u01b0\u1eddng H\u00e0 Huy Gi\u00e1p, Khu Nam Long, Ph\u01b0\u1eddng An Ph\u00fa \u0110\u00f4ng, Th\u00e0nh Ph\u1ed1 H\u1ed3 Ch\u00ed Minh<\/p><\/div>\t\n\t\t\t\t\t\t\t<div class=\"man_map_pin elementor-repeater-item-0a8c7a0\" data-id=\"0a8c7a0\" data-top=\"32\" data-left=\"43\" data-top-mobile=\"\" data-left-mobile=\"45\" data-top-tablet=\"\" data-left-tablet=\"\">\n\t\t\t\t\t\t\t\t\n\t\t\t\t\t\t\t\t<svg aria-hidden=\"true\" data-prefix=\"fas\" data-icon=\"map-marker-alt\" role=\"img\" xmlns=\"http:\/\/www.w3.org\/2000\/svg\" viewBox=\"0 0 414 542\" class=\"svg-inline--fa fa-map-marker-alt fa-w-12 fa-2x\"><path fill=\"currentColor\" d=\"M172.268 501.67C26.97 291.031 0 269.413 0 192 0 85.961 85.961 0 192 0s192 85.961 192 192c0 77.413-26.97 99.031-172.268 309.67-9.535 13.774-29.93 13.773-39.464 0zM192 272c44.183 0 80-35.817 80-80s-35.817-80-80-80-80 35.817-80 80 35.817 80 80 80z\" class=\"\"><\/path><\/svg>\n\n\n\t\t\t\t\t\t\t\t<div class=\"man_map_pin_cont\">\n\t\t\t\t\t\t\t\t\t<b>Office 2<\/b>\n\t\t\t\t\t\t\t\t\t<p>6B3 \u0110\u01b0\u1eddng H\u00e0 Huy Gi\u00e1p, Khu Nam Long, Ph\u01b0\u1eddng An Ph\u00fa \u0110\u00f4ng, Th\u00e0nh Ph\u1ed1 H\u1ed3 Ch\u00ed Minh<\/p>\t\t\t\t\t\t\t\t<\/div>\n\t\t\t\t\t\t\t<\/div>\n\t\t\t\t\t<\/div>\n\t\t\t\t\t\t\t\t\t<\/div>\n\t\t\t\t<img decoding=\"async\" src=\"https:\/\/manufacturer.stylemixthemes.com\/textile\/wp-content\/uploads\/sites\/6\/2018\/10\/map3.png\" alt=\"\">\n\t\t\t\t\n\t\t<\/div>\n\n\t\t\t<\/div>\n\t\t\t\t<\/div>\n\t\t\t\t<div class=\"elementor-element elementor-element-d4ea6c6 elementor-widget elementor-widget-html\" data-id=\"d4ea6c6\" data-element_type=\"widget\" data-widget_type=\"html.default\">\n\t\t\t\t<div class=\"elementor-widget-container\">\n\t\t\t<iframe src=\"https:\/\/www.google.com\/maps\/embed?pb=!1m18!1m12!1m3!1d4821.417638478957!2d106.6783572!3d10.8603167!2m3!1f0!2f0!3f0!3m2!1i1024!2i768!4f13.1!3m3!1m2!1s0x317529aefff2f3d3%3A0x477211b879bde29f!2zQ8O0bmcgdHkgVE5ISCBE4buLY2ggVuG7pSBUaMawxqFuZyBN4bqhaQ!5e1!3m2!1svi!2s!4v1768883090912!5m2!1svi!2s\" width=\"600\" height=\"450\" style=\"border:0;\" allowfullscreen=\"\" loading=\"lazy\" referrerpolicy=\"no-referrer-when-downgrade\"><\/iframe>\t\t<\/div>\n\t\t\t\t<\/div>\n\t\t\t\t\t<\/div>\n\t\t<\/div>\n\t\t\t\t\t<\/div>\n\t\t<\/section>\n\t\t\t\t<section class=\"elementor-section elementor-top-section elementor-element elementor-element-c1153d9 cus-lienhe elementor-section-boxed elementor-section-height-default elementor-section-height-default\" data-id=\"c1153d9\" data-element_type=\"section\">\n\t\t\t\t\t\t<div class=\"elementor-container elementor-column-gap-default\">\n\t\t\t\t\t<div class=\"elementor-column elementor-col-100 elementor-top-column elementor-element elementor-element-3cca13e\" data-id=\"3cca13e\" data-element_type=\"column\">\n\t\t\t<div class=\"elementor-widget-wrap elementor-element-populated\">\n\t\t\t\t\t\t<div class=\"elementor-element elementor-element-4675044 elementor-widget elementor-widget-heading\" data-id=\"4675044\" data-element_type=\"widget\" data-widget_type=\"heading.default\">\n\t\t\t\t<div class=\"elementor-widget-container\">\n\t\t\t<h2 class=\"elementor-heading-title elementor-size-default elementor-heading-title\">Contact Us<\/h2>\t\t<\/div>\n\t\t\t\t<\/div>\n\t\t\t\t<div class=\"elementor-element elementor-element-830e318 elementor-widget elementor-widget-shortcode\" data-id=\"830e318\" data-element_type=\"widget\" data-widget_type=\"shortcode.default\">\n\t\t\t\t<div class=\"elementor-widget-container\">\n\t\t\t\t\t<div class=\"elementor-shortcode\">\n<div class=\"wpcf7 no-js\" id=\"wpcf7-f2742-o1\" lang=\"en-US\" dir=\"ltr\" data-wpcf7-id=\"2742\">\n<div class=\"screen-reader-response\"><p role=\"status\" aria-live=\"polite\" aria-atomic=\"true\"><\/p> <ul><\/ul><\/div>\n<form action=\"\/en\/wp-json\/wp\/v2\/pages\/2731#wpcf7-f2742-o1\" method=\"post\" class=\"wpcf7-form init\" aria-label=\"Contact form\" novalidate=\"novalidate\" data-status=\"init\">\n<div style=\"display: none;\">\n<input type=\"hidden\" name=\"_wpcf7\" value=\"2742\" \/>\n<input type=\"hidden\" name=\"_wpcf7_version\" value=\"6.0\" \/>\n<input type=\"hidden\" name=\"_wpcf7_locale\" value=\"en_US\" \/>\n<input type=\"hidden\" name=\"_wpcf7_unit_tag\" value=\"wpcf7-f2742-o1\" \/>\n<input type=\"hidden\" name=\"_wpcf7_container_post\" value=\"0\" \/>\n<input type=\"hidden\" name=\"_wpcf7_posted_data_hash\" value=\"\" \/>\n<input type=\"hidden\" name=\"_wpcf7_recaptcha_response\" value=\"\" \/>\n<\/div>\n<div class=\"row\">\n\t<div class=\"col-md-6\">\n\t\t<p><span class=\"wpcf7-form-control-wrap\" data-name=\"your-name\"><input size=\"40\" maxlength=\"400\" class=\"wpcf7-form-control wpcf7-text wpcf7-validates-as-required\" aria-required=\"true\" aria-invalid=\"false\" placeholder=\"Full Name\" value=\"\" type=\"text\" name=\"your-name\" \/><\/span>\n\t\t<\/p>\n\t<\/div>\n\t<div class=\"col-md-6\">\n\t\t<p><span class=\"wpcf7-form-control-wrap\" data-name=\"company\"><input size=\"40\" maxlength=\"400\" class=\"wpcf7-form-control wpcf7-text\" aria-invalid=\"false\" placeholder=\"Company\" value=\"\" type=\"text\" name=\"company\" \/><\/span>\n\t\t<\/p>\n\t<\/div>\n<\/div>\n<div class=\"row\">\n\t<div class=\"col-md-6\">\n\t\t<p><span class=\"wpcf7-form-control-wrap\" data-name=\"mail\"><input size=\"40\" maxlength=\"400\" class=\"wpcf7-form-control wpcf7-email wpcf7-validates-as-required wpcf7-text wpcf7-validates-as-email\" aria-required=\"true\" aria-invalid=\"false\" placeholder=\"Email\" value=\"\" type=\"email\" name=\"mail\" \/><\/span>\n\t\t<\/p>\n\t<\/div>\n\t<div class=\"col-md-6\">\n\t\t<p><span class=\"wpcf7-form-control-wrap\" data-name=\"phone\"><input size=\"40\" maxlength=\"400\" class=\"wpcf7-form-control wpcf7-tel wpcf7-validates-as-required wpcf7-text wpcf7-validates-as-tel\" aria-required=\"true\" aria-invalid=\"false\" placeholder=\"Phone\" value=\"\" type=\"tel\" name=\"phone\" \/><\/span>\n\t\t<\/p>\n\t<\/div>\n<\/div>\n<div class=\"row\">\n\t<div class=\"col-md-12\">\n\t\t<p><span class=\"wpcf7-form-control-wrap\" data-name=\"Help\"><textarea cols=\"40\" rows=\"10\" maxlength=\"2000\" class=\"wpcf7-form-control wpcf7-textarea\" aria-invalid=\"false\" placeholder=\"How can we help you?\" name=\"Help\"><\/textarea><\/span>\n\t\t<\/p>\n\t<\/div>\n<\/div>\n<p><input class=\"wpcf7-form-control wpcf7-submit has-spinner\" type=\"submit\" value=\"Send\" \/>\n<\/p>\n<div class=\"row\">\n\t<div class=\"col-md-12\">\n\t<span class=\"wpcf7-form-control-wrap recaptcha\" data-name=\"recaptcha\"><span data-sitekey=\"6LcCr1ksAAAAAO3K3XMDdQVqaTRo0BJTCemPnu3Z\" class=\"wpcf7-form-control wpcf7-recaptcha g-recaptcha\"><\/span>\r\n<noscript>\r\n\t<div class=\"grecaptcha-noscript\">\r\n\t\t<iframe src=\"https:\/\/www.recaptcha.net\/recaptcha\/api\/fallback?k=6LcCr1ksAAAAAO3K3XMDdQVqaTRo0BJTCemPnu3Z\" frameborder=\"0\" scrolling=\"no\" width=\"310\" height=\"430\">\r\n\t\t<\/iframe>\r\n\t\t<textarea name=\"g-recaptcha-response\" rows=\"3\" cols=\"40\" placeholder=\"reCaptcha Response Here\">\r\n\t\t<\/textarea>\r\n\t<\/div>\r\n<\/noscript>\r\n<\/span>\n\t<\/div>\n<\/div><div class=\"wpcf7-response-output\" aria-hidden=\"true\"><\/div>\n<\/form>\n<\/div>\n<\/div>\n\t\t\t\t<\/div>\n\t\t\t\t<\/div>\n\t\t\t\t\t<\/div>\n\t\t<\/div>\n\t\t\t\t\t<\/div>\n\t\t<\/section>\n\t\t\t\t<\/div>\n\t\t","protected":false},"excerpt":{"rendered":"<p>Vo Gia Materials &amp; Equipment Joint Stock Company Head Office: 55\/6\/1A Thanh Loc 50 Street, Quarter 65, An&#8230;<\/p>\n","protected":false},"author":1,"featured_media":2732,"parent":0,"menu_order":0,"comment_status":"closed","ping_status":"closed","template":"elementor_header_footer","meta":{"_acf_changed":false,"footnotes":""},"class_list":["post-2731","page","type-page","status-publish","has-post-thumbnail","hentry"],"acf":[],"_links":{"self":[{"href":"https:\/\/vogia.vn\/en\/wp-json\/wp\/v2\/pages\/2731","targetHints":{"allow":["GET"]}}],"collection":[{"href":"https:\/\/vogia.vn\/en\/wp-json\/wp\/v2\/pages"}],"about":[{"href":"https:\/\/vogia.vn\/en\/wp-json\/wp\/v2\/types\/page"}],"author":[{"embeddable":true,"href":"https:\/\/vogia.vn\/en\/wp-json\/wp\/v2\/users\/1"}],"replies":[{"embeddable":true,"href":"https:\/\/vogia.vn\/en\/wp-json\/wp\/v2\/comments?post=2731"}],"version-history":[{"count":7,"href":"https:\/\/vogia.vn\/en\/wp-json\/wp\/v2\/pages\/2731\/revisions"}],"predecessor-version":[{"id":2748,"href":"https:\/\/vogia.vn\/en\/wp-json\/wp\/v2\/pages\/2731\/revisions\/2748"}],"wp:featuredmedia":[{"embeddable":true,"href":"https:\/\/vogia.vn\/en\/wp-json\/wp\/v2\/media\/2732"}],"wp:attachment":[{"href":"https:\/\/vogia.vn\/en\/wp-json\/wp\/v2\/media?parent=2731"}],"curies":[{"name":"wp","href":"https:\/\/api.w.org\/{rel}","templated":true}]}}